{"id":2836,"date":"2022-10-11T10:33:48","date_gmt":"2022-10-11T16:33:48","guid":{"rendered":"http:\/\/192-168-33-20.bibliocoy.direct.quickconnect.to\/wordpress\/?page_id=2836"},"modified":"2024-07-03T08:18:56","modified_gmt":"2024-07-03T14:18:56","slug":"bcd-en-linea","status":"publish","type":"page","link":"https:\/\/bcdi.lfm.edu.mx\/?page_id=2836","title":{"rendered":"BCD en EVENEMENTS COYOACAN"},"content":{"rendered":"\t\t<div data-elementor-type=\"wp-page\" data-elementor-id=\"2836\" class=\"elementor elementor-2836\">\n\t\t\t\t<div class=\"elementor-element elementor-element-90d6112 e-con-full e-flex wpr-particle-no wpr-jarallax-no wpr-parallax-no wpr-sticky-section-no e-con e-parent\" data-id=\"90d6112\" data-element_type=\"container\" data-settings=\"{&quot;shape_divider_bottom&quot;:&quot;mountains&quot;}\">\n\t\t\t\t<div class=\"elementor-shape elementor-shape-bottom\" data-negative=\"false\">\n\t\t\t<svg xmlns=\"http:\/\/www.w3.org\/2000\/svg\" viewBox=\"0 0 1000 100\" preserveAspectRatio=\"none\">\n\t<path class=\"elementor-shape-fill\" opacity=\"0.33\" d=\"M473,67.3c-203.9,88.3-263.1-34-320.3,0C66,119.1,0,59.7,0,59.7V0h1000v59.7 c0,0-62.1,26.1-94.9,29.3c-32.8,3.3-62.8-12.3-75.8-22.1C806,49.6,745.3,8.7,694.9,4.7S492.4,59,473,67.3z\"><\/path>\n\t<path class=\"elementor-shape-fill\" opacity=\"0.66\" d=\"M734,67.3c-45.5,0-77.2-23.2-129.1-39.1c-28.6-8.7-150.3-10.1-254,39.1 s-91.7-34.4-149.2,0C115.7,118.3,0,39.8,0,39.8V0h1000v36.5c0,0-28.2-18.5-92.1-18.5C810.2,18.1,775.7,67.3,734,67.3z\"><\/path>\n\t<path class=\"elementor-shape-fill\" d=\"M766.1,28.9c-200-57.5-266,65.5-395.1,19.5C242,1.8,242,5.4,184.8,20.6C128,35.8,132.3,44.9,89.9,52.5C28.6,63.7,0,0,0,0 h1000c0,0-9.9,40.9-83.6,48.1S829.6,47,766.1,28.9z\"><\/path>\n<\/svg>\t\t<\/div>\n\t\t<div class=\"elementor-element elementor-element-c675c27 e-con-full e-flex wpr-particle-no wpr-jarallax-no wpr-parallax-no wpr-sticky-section-no e-con e-child\" data-id=\"c675c27\" data-element_type=\"container\">\n\t\t\t\t<div class=\"elementor-element elementor-element-c8738bf elementor-hidden-tablet elementor-widget elementor-widget-image\" data-id=\"c8738bf\" data-element_type=\"widget\" data-widget_type=\"image.default\">\n\t\t\t\t<div class=\"elementor-widget-container\">\n\t\t\t<style>\/*! elementor - v3.23.0 - 05-08-2024 *\/\n.elementor-widget-image{text-align:center}.elementor-widget-image a{display:inline-block}.elementor-widget-image a img[src$=\".svg\"]{width:48px}.elementor-widget-image img{vertical-align:middle;display:inline-block}<\/style>\t\t\t\t\t\t\t\t\t\t<img decoding=\"async\" width=\"160\" height=\"160\" src=\"https:\/\/bcdi.lfm.edu.mx\/wp-content\/uploads\/2024\/07\/descarga.jpg\" class=\"attachment-full size-full wp-image-8275\" alt=\"\" srcset=\"https:\/\/bcdi.lfm.edu.mx\/wp-content\/uploads\/2024\/07\/descarga.jpg 160w, https:\/\/bcdi.lfm.edu.mx\/wp-content\/uploads\/2024\/07\/descarga-150x150.jpg 150w\" sizes=\"(max-width: 160px) 100vw, 160px\" \/>\t\t\t\t\t\t\t\t\t\t\t\t\t<\/div>\n\t\t\t\t<\/div>\n\t\t\t\t<\/div>\n\t\t<div class=\"elementor-element elementor-element-8125827 e-con-full e-flex wpr-particle-no wpr-jarallax-no wpr-parallax-no wpr-sticky-section-no e-con e-child\" data-id=\"8125827\" data-element_type=\"container\">\n\t\t\t\t<div class=\"elementor-element elementor-element-4009167 elementor-widget__width-initial elementor-widget elementor-widget-heading\" data-id=\"4009167\" data-element_type=\"widget\" data-widget_type=\"heading.default\">\n\t\t\t\t<div class=\"elementor-widget-container\">\n\t\t\t<style>\/*! elementor - v3.23.0 - 05-08-2024 *\/\n.elementor-heading-title{padding:0;margin:0;line-height:1}.elementor-widget-heading .elementor-heading-title[class*=elementor-size-]>a{color:inherit;font-size:inherit;line-height:inherit}.elementor-widget-heading .elementor-heading-title.elementor-size-small{font-size:15px}.elementor-widget-heading .elementor-heading-title.elementor-size-medium{font-size:19px}.elementor-widget-heading .elementor-heading-title.elementor-size-large{font-size:29px}.elementor-widget-heading .elementor-heading-title.elementor-size-xl{font-size:39px}.elementor-widget-heading .elementor-heading-title.elementor-size-xxl{font-size:59px}<\/style><h2 class=\"elementor-heading-title elementor-size-default\"><br \/>BCD COYOAC\u00c1N<\/h2>\t\t<\/div>\n\t\t\t\t<\/div>\n\t\t\t\t<\/div>\n\t\t<div class=\"elementor-element elementor-element-835a857 e-con-full e-flex wpr-particle-no wpr-jarallax-no wpr-parallax-no wpr-sticky-section-no e-con e-child\" data-id=\"835a857\" data-element_type=\"container\">\n\t\t\t\t<div class=\"elementor-element elementor-element-1723841 elementor-widget elementor-widget-image\" data-id=\"1723841\" data-element_type=\"widget\" data-widget_type=\"image.default\">\n\t\t\t\t<div class=\"elementor-widget-container\">\n\t\t\t\t\t\t\t\t\t\t\t\t\t<img decoding=\"async\" width=\"135\" height=\"103\" src=\"https:\/\/bcdi.lfm.edu.mx\/wp-content\/uploads\/2022\/10\/aefe.jpg\" class=\"attachment-thumbnail size-thumbnail wp-image-1806\" alt=\"\" \/>\t\t\t\t\t\t\t\t\t\t\t\t\t<\/div>\n\t\t\t\t<\/div>\n\t\t\t\t<\/div>\n\t\t\t\t<\/div>\n\t\t<div class=\"elementor-element elementor-element-d6ada13 e-flex e-con-boxed wpr-particle-no wpr-jarallax-no wpr-parallax-no wpr-sticky-section-no e-con e-parent\" data-id=\"d6ada13\" data-element_type=\"container\" data-settings=\"{&quot;shape_divider_top&quot;:&quot;curve&quot;}\">\n\t\t\t\t\t<div class=\"e-con-inner\">\n\t\t\t\t<div class=\"elementor-shape elementor-shape-top\" data-negative=\"false\">\n\t\t\t<svg xmlns=\"http:\/\/www.w3.org\/2000\/svg\" viewBox=\"0 0 1000 100\" preserveAspectRatio=\"none\">\n    <path class=\"elementor-shape-fill\" d=\"M1000,4.3V0H0v4.3C0.9,23.1,126.7,99.2,500,100S1000,22.7,1000,4.3z\"><\/path>\n<\/svg>\t\t<\/div>\n\t\t\t\t<div class=\"elementor-element elementor-element-c985162 wpr-main-menu-align-center wpr-main-menu-align--tabletcenter wpr-main-menu-align--mobileleft wpr-pointer-underline wpr-pointer-line-fx wpr-pointer-fx-fade wpr-sub-icon-caret-down wpr-sub-menu-fx-fade wpr-nav-menu-bp-mobile wpr-mobile-menu-full-width wpr-mobile-menu-item-align-center wpr-mobile-toggle-v1 wpr-sub-divider-yes wpr-mobile-divider-yes elementor-widget elementor-widget-wpr-nav-menu\" data-id=\"c985162\" data-element_type=\"widget\" data-settings=\"{&quot;menu_layout&quot;:&quot;horizontal&quot;}\" data-widget_type=\"wpr-nav-menu.default\">\n\t\t\t\t<div class=\"elementor-widget-container\">\n\t\t\t<nav class=\"wpr-nav-menu-container wpr-nav-menu-horizontal\" data-trigger=\"hover\"><ul id=\"menu-1-c985162\" class=\"wpr-nav-menu\"><li class=\"menu-item menu-item-type-post_type menu-item-object-page menu-item-home menu-item-2801\"><a href=\"https:\/\/bcdi.lfm.edu.mx\/\" class=\"wpr-menu-item wpr-pointer-item\">ACCUEIL<\/a><\/li>\n<li class=\"menu-item menu-item-type-custom menu-item-object-custom menu-item-has-children menu-item-6935\"><a href=\"#\" class=\"wpr-menu-item wpr-pointer-item\">CATALOGUE DE LA BCD<i class=\"wpr-sub-icon fas\" aria-hidden=\"true\"><\/i><\/a>\n<ul class=\"sub-menu wpr-sub-menu\">\n\t<li class=\"menu-item menu-item-type-post_type menu-item-object-page menu-item-7340\"><a href=\"https:\/\/bcdi.lfm.edu.mx\/?page_id=7317\" class=\"wpr-sub-menu-item\">Albums<\/a><\/li>\n\t<li class=\"menu-item menu-item-type-post_type menu-item-object-page menu-item-2803\"><a href=\"https:\/\/bcdi.lfm.edu.mx\/?page_id=492\" class=\"wpr-sub-menu-item\">Documentaires<\/a><\/li>\n\t<li class=\"menu-item menu-item-type-post_type menu-item-object-page menu-item-3867\"><a href=\"https:\/\/bcdi.lfm.edu.mx\/?page_id=482\" class=\"wpr-sub-menu-item\">Romans<\/a><\/li>\n\t<li class=\"menu-item menu-item-type-post_type menu-item-object-page menu-item-2802\"><a href=\"https:\/\/bcdi.lfm.edu.mx\/?page_id=487\" class=\"wpr-sub-menu-item\">Contes<\/a><\/li>\n\t<li class=\"menu-item menu-item-type-post_type menu-item-object-page menu-item-3995\"><a href=\"https:\/\/bcdi.lfm.edu.mx\/?page_id=3953\" class=\"wpr-sub-menu-item\">Bandes Dessin\u00eaes<\/a><\/li>\n\t<li class=\"menu-item menu-item-type-post_type menu-item-object-page menu-item-2805\"><a href=\"https:\/\/bcdi.lfm.edu.mx\/?page_id=497\" class=\"wpr-sub-menu-item\">Revues<\/a><\/li>\n<\/ul>\n<\/li>\n<li class=\"menu-item menu-item-type-custom menu-item-object-custom menu-item-has-children menu-item-6936\"><a href=\"#\" class=\"wpr-menu-item wpr-pointer-item\">EXPOSITIONS ET \u00c9V\u00c9NEMENTS<i class=\"wpr-sub-icon fas\" aria-hidden=\"true\"><\/i><\/a>\n<ul class=\"sub-menu wpr-sub-menu\">\n\t<li class=\"menu-item menu-item-type-post_type menu-item-object-page menu-item-5362\"><a href=\"https:\/\/bcdi.lfm.edu.mx\/?page_id=2836\" class=\"wpr-sub-menu-item\">Coyoac\u00e1n<\/a><\/li>\n\t<li class=\"menu-item menu-item-type-post_type menu-item-object-page menu-item-5361\"><a href=\"https:\/\/bcdi.lfm.edu.mx\/?page_id=5350\" class=\"wpr-sub-menu-item\">Polanco<\/a><\/li>\n<\/ul>\n<\/li>\n<li class=\"menu-item menu-item-type-custom menu-item-object-custom menu-item-has-children menu-item-6937\"><a href=\"#\" class=\"wpr-menu-item wpr-pointer-item\">CATALOGUES NUM\u00c9RIQUES<i class=\"wpr-sub-icon fas\" aria-hidden=\"true\"><\/i><\/a>\n<ul class=\"sub-menu wpr-sub-menu\">\n\t<li class=\"menu-item menu-item-type-post_type menu-item-object-page menu-item-2864\"><a href=\"https:\/\/bcdi.lfm.edu.mx\/?page_id=2853\" class=\"wpr-sub-menu-item\">Les Biblioth\u00e8ques Publiques<\/a><\/li>\n\t<li class=\"menu-item menu-item-type-post_type menu-item-object-page menu-item-2867\"><a href=\"https:\/\/bcdi.lfm.edu.mx\/?page_id=2858\" class=\"wpr-sub-menu-item\">Les Ressources Gratuites<\/a><\/li>\n<\/ul>\n<\/li>\n<li class=\"menu-item menu-item-type-custom menu-item-object-custom menu-item-has-children menu-item-6938\"><a href=\"#\" class=\"wpr-menu-item wpr-pointer-item\">OUTILS VIRTUELS<i class=\"wpr-sub-icon fas\" aria-hidden=\"true\"><\/i><\/a>\n<ul class=\"sub-menu wpr-sub-menu\">\n\t<li class=\"menu-item menu-item-type-post_type menu-item-object-page menu-item-2869\"><a href=\"https:\/\/bcdi.lfm.edu.mx\/?page_id=2841\" class=\"wpr-sub-menu-item\">Dictionnaires<\/a><\/li>\n\t<li class=\"menu-item menu-item-type-post_type menu-item-object-page menu-item-2868\"><a href=\"https:\/\/bcdi.lfm.edu.mx\/?page_id=2843\" class=\"wpr-sub-menu-item\">Traducteurs<\/a><\/li>\n<\/ul>\n<\/li>\n<\/ul><\/nav><nav class=\"wpr-mobile-nav-menu-container\"><div class=\"wpr-mobile-toggle-wrap\"><div class=\"wpr-mobile-toggle\"><span class=\"wpr-mobile-toggle-line\"><\/span><span class=\"wpr-mobile-toggle-line\"><\/span><span class=\"wpr-mobile-toggle-line\"><\/span><\/div><\/div><ul id=\"mobile-menu-2-c985162\" class=\"wpr-mobile-nav-menu\"><li class=\"menu-item menu-item-type-post_type menu-item-object-page menu-item-home menu-item-2801\"><a href=\"https:\/\/bcdi.lfm.edu.mx\/\" class=\"wpr-mobile-menu-item\">ACCUEIL<\/a><\/li>\n<li class=\"menu-item menu-item-type-custom menu-item-object-custom menu-item-has-children menu-item-6935\"><a href=\"#\" class=\"wpr-mobile-menu-item\">CATALOGUE DE LA BCD<\/a>\n<ul class=\"sub-menu wpr-sub-menu\">\n\t<li class=\"menu-item menu-item-type-post_type menu-item-object-page menu-item-7340\"><a href=\"https:\/\/bcdi.lfm.edu.mx\/?page_id=7317\" class=\"wpr-mobile-sub-menu-item\">Albums<\/a><\/li>\n\t<li class=\"menu-item menu-item-type-post_type menu-item-object-page menu-item-2803\"><a href=\"https:\/\/bcdi.lfm.edu.mx\/?page_id=492\" class=\"wpr-mobile-sub-menu-item\">Documentaires<\/a><\/li>\n\t<li class=\"menu-item menu-item-type-post_type menu-item-object-page menu-item-3867\"><a href=\"https:\/\/bcdi.lfm.edu.mx\/?page_id=482\" class=\"wpr-mobile-sub-menu-item\">Romans<\/a><\/li>\n\t<li class=\"menu-item menu-item-type-post_type menu-item-object-page menu-item-2802\"><a href=\"https:\/\/bcdi.lfm.edu.mx\/?page_id=487\" class=\"wpr-mobile-sub-menu-item\">Contes<\/a><\/li>\n\t<li class=\"menu-item menu-item-type-post_type menu-item-object-page menu-item-3995\"><a href=\"https:\/\/bcdi.lfm.edu.mx\/?page_id=3953\" class=\"wpr-mobile-sub-menu-item\">Bandes Dessin\u00eaes<\/a><\/li>\n\t<li class=\"menu-item menu-item-type-post_type menu-item-object-page menu-item-2805\"><a href=\"https:\/\/bcdi.lfm.edu.mx\/?page_id=497\" class=\"wpr-mobile-sub-menu-item\">Revues<\/a><\/li>\n<\/ul>\n<\/li>\n<li class=\"menu-item menu-item-type-custom menu-item-object-custom menu-item-has-children menu-item-6936\"><a href=\"#\" class=\"wpr-mobile-menu-item\">EXPOSITIONS ET \u00c9V\u00c9NEMENTS<\/a>\n<ul class=\"sub-menu wpr-sub-menu\">\n\t<li class=\"menu-item menu-item-type-post_type menu-item-object-page menu-item-5362\"><a href=\"https:\/\/bcdi.lfm.edu.mx\/?page_id=2836\" class=\"wpr-mobile-sub-menu-item\">Coyoac\u00e1n<\/a><\/li>\n\t<li class=\"menu-item menu-item-type-post_type menu-item-object-page menu-item-5361\"><a href=\"https:\/\/bcdi.lfm.edu.mx\/?page_id=5350\" class=\"wpr-mobile-sub-menu-item\">Polanco<\/a><\/li>\n<\/ul>\n<\/li>\n<li class=\"menu-item menu-item-type-custom menu-item-object-custom menu-item-has-children menu-item-6937\"><a href=\"#\" class=\"wpr-mobile-menu-item\">CATALOGUES NUM\u00c9RIQUES<\/a>\n<ul class=\"sub-menu wpr-sub-menu\">\n\t<li class=\"menu-item menu-item-type-post_type menu-item-object-page menu-item-2864\"><a href=\"https:\/\/bcdi.lfm.edu.mx\/?page_id=2853\" class=\"wpr-mobile-sub-menu-item\">Les Biblioth\u00e8ques Publiques<\/a><\/li>\n\t<li class=\"menu-item menu-item-type-post_type menu-item-object-page menu-item-2867\"><a href=\"https:\/\/bcdi.lfm.edu.mx\/?page_id=2858\" class=\"wpr-mobile-sub-menu-item\">Les Ressources Gratuites<\/a><\/li>\n<\/ul>\n<\/li>\n<li class=\"menu-item menu-item-type-custom menu-item-object-custom menu-item-has-children menu-item-6938\"><a href=\"#\" class=\"wpr-mobile-menu-item\">OUTILS VIRTUELS<\/a>\n<ul class=\"sub-menu wpr-sub-menu\">\n\t<li class=\"menu-item menu-item-type-post_type menu-item-object-page menu-item-2869\"><a href=\"https:\/\/bcdi.lfm.edu.mx\/?page_id=2841\" class=\"wpr-mobile-sub-menu-item\">Dictionnaires<\/a><\/li>\n\t<li class=\"menu-item menu-item-type-post_type menu-item-object-page menu-item-2868\"><a href=\"https:\/\/bcdi.lfm.edu.mx\/?page_id=2843\" class=\"wpr-mobile-sub-menu-item\">Traducteurs<\/a><\/li>\n<\/ul>\n<\/li>\n<\/ul><\/nav>\t\t<\/div>\n\t\t\t\t<\/div>\n\t\t\t\t\t<\/div>\n\t\t\t\t<\/div>\n\t\t<div class=\"elementor-element elementor-element-7a42b59 e-con-full e-flex wpr-particle-no wpr-jarallax-no wpr-parallax-no wpr-sticky-section-no e-con e-parent\" data-id=\"7a42b59\" data-element_type=\"container\">\n\t\t\t\t<div class=\"elementor-element elementor-element-bfcfa7a elementor-widget__width-inherit elementor-widget elementor-widget-heading\" data-id=\"bfcfa7a\" data-element_type=\"widget\" data-widget_type=\"heading.default\">\n\t\t\t\t<div class=\"elementor-widget-container\">\n\t\t\t<h2 class=\"elementor-heading-title elementor-size-default\">Archives  d' expositions et d' \u00e9v\u00e9nements<\/h2>\t\t<\/div>\n\t\t\t\t<\/div>\n\t\t\t\t<\/div>\n\t\t<div class=\"elementor-element elementor-element-2df656e e-con-full e-flex wpr-particle-no wpr-jarallax-no wpr-parallax-no wpr-sticky-section-no e-con e-parent\" data-id=\"2df656e\" data-element_type=\"container\">\n\t\t\t\t<div class=\"elementor-element elementor-element-5401873 elementor-widget elementor-widget-read-more\" data-id=\"5401873\" data-element_type=\"widget\" data-widget_type=\"read-more.default\">\n\t\t\t\t<div class=\"elementor-widget-container\">\n\t\t\t<\/div><\/div><\/div><\/div> <a href=\"https:\/\/bcdi.lfm.edu.mx\/?page_id=2836#more-2836\" class=\"more-link elementor-more-link\"><span aria-label=\"Continuar leyendo BCD en EVENEMENTS COYOACAN\">Continuar leyendo<\/span><\/a>","protected":false},"excerpt":{"rendered":"<p>BCD COYOAC\u00c1N ACCUEIL CATALOGUE DE LA BCD Albums Documentaires Romans Contes Bandes Dessin\u00eaes Revues EXPOSITIONS ET \u00c9V\u00c9NEMENTS Coyoac\u00e1n Polanco CATALOGUES NUM\u00c9RIQUES Les Biblioth\u00e8ques Publiques Les Ressources Gratuites OUTILS VIRTUELS Dictionnaires Traducteurs ACCUEIL CATALOGUE DE LA BCD Albums Documentaires Romans Contes Bandes Dessin\u00eaes Revues EXPOSITIONS ET \u00c9V\u00c9NEMENTS Coyoac\u00e1n Polanco CATALOGUES NUM\u00c9RIQUES Les Biblioth\u00e8ques Publiques Les Ressources Gratuites OUTILS VIRTUELS Dictionnaires Traducteurs Archives d&#8217; expositions et d&#8217; \u00e9v\u00e9nements<\/p>\n","protected":false},"author":8,"featured_media":0,"parent":0,"menu_order":0,"comment_status":"closed","ping_status":"closed","template":"elementor_canvas","meta":{"_monsterinsights_skip_tracking":false,"_monsterinsights_sitenote_active":false,"_monsterinsights_sitenote_note":"","_monsterinsights_sitenote_category":0,"_uf_show_specific_survey":0,"_uf_disable_surveys":false},"_links":{"self":[{"href":"https:\/\/bcdi.lfm.edu.mx\/index.php?rest_route=\/wp\/v2\/pages\/2836"}],"collection":[{"href":"https:\/\/bcdi.lfm.edu.mx\/index.php?rest_route=\/wp\/v2\/pages"}],"about":[{"href":"https:\/\/bcdi.lfm.edu.mx\/index.php?rest_route=\/wp\/v2\/types\/page"}],"author":[{"embeddable":true,"href":"https:\/\/bcdi.lfm.edu.mx\/index.php?rest_route=\/wp\/v2\/users\/8"}],"replies":[{"embeddable":true,"href":"https:\/\/bcdi.lfm.edu.mx\/index.php?rest_route=%2Fwp%2Fv2%2Fcomments&post=2836"}],"version-history":[{"count":367,"href":"https:\/\/bcdi.lfm.edu.mx\/index.php?rest_route=\/wp\/v2\/pages\/2836\/revisions"}],"predecessor-version":[{"id":8281,"href":"https:\/\/bcdi.lfm.edu.mx\/index.php?rest_route=\/wp\/v2\/pages\/2836\/revisions\/8281"}],"wp:attachment":[{"href":"https:\/\/bcdi.lfm.edu.mx\/index.php?rest_route=%2Fwp%2Fv2%2Fmedia&parent=2836"}],"curies":[{"name":"wp","href":"https:\/\/api.w.org\/{rel}","templated":true}]}}